{"id":23,"date":"2025-03-26T13:02:06","date_gmt":"2025-03-26T12:02:06","guid":{"rendered":"http:\/\/bip.wordprzemysl.pl\/?p=23"},"modified":"2025-03-27T13:01:25","modified_gmt":"2025-03-27T12:01:25","slug":"instrukcja-obslugi-bip","status":"publish","type":"page","link":"http:\/\/bip.wordprzemysl.pl\/?page_id=23","title":{"rendered":"Instrukcja obs\u0142ugi BIP"},"content":{"rendered":"\n<p class=\"has-black-color has-text-color has-link-color wp-elements-4784463583774b47ce6e818b96685847\">W naszym Biuletynie Informacji Publicznej (BIP) publikujemy informacje dotycz\u0105ce<br>prowadzonej przez nasz\u0105 organizacj\u0119 dzia\u0142alno\u015bci.<\/p>\n\n\n\n<p class=\"has-black-color has-text-color has-link-color wp-elements-3ed327a779b3c28040bcd018e04cd95c\">Aby odnale\u017a\u0107 poszukiwane informacje, przejd\u017a na stron\u0119 g\u0142\u00f3wn\u0105 naszego BIP i:<\/p>\n\n\n\n<ol class=\"wp-block-list\">\n<li>skorzystaj z wyszukiwarki, wpisuj\u0105c odpowiedni\u0105 fraz\u0119 w pole u g\u00f3ry strony, lub<\/li>\n\n\n\n<li>skorzystaj z odno\u015bnik\u00f3w znajduj\u0105cych si\u0119 na stronie:<\/li>\n<\/ol>\n\n\n\n<p><strong>Menu przedmiotowe<\/strong>&nbsp;( lewa strona ekranu ) &#8211; wykaz grup tematycznych, w kt\u00f3re s\u0105 zestawione informacje publiczne udost\u0119pnione w BIP.<\/p>\n\n\n\n<p><strong>Modu\u0142 wyszukuj\u0105cy<\/strong>\u00a0( w lewej, dolnej cz\u0119\u015bci ekranu ) &#8211; wyszukiwarka umo\u017cliwiaj\u0105ca znalezienie stron BIP zawieraj\u0105cych wyra\u017cenie poszukiwane przez odwiedzaj\u0105cego BIP.<\/p>\n\n\n\n<p><strong><a href=\"https:\/\/www.gov.pl\/web\/bip\">https:\/\/www.gov.pl\/web\/bip<\/a>&#8211;<\/strong> adres URL strony g\u0142\u00f3wnej BIP umo\u017cliwiaj\u0105cy dost\u0119p do informacji publicznych udost\u0119pnionych w BIP, wed\u0142ug menu podmiotowego lub przedmiotowego. Strona g\u0142\u00f3wna BIP zawieraj\u0105ca wykaz podmiot\u00f3w, obowi\u0105zanych zgodnie z ustaw\u0105 do udost\u0119pniania informacji publicznej, wraz z odno\u015bnikami umo\u017cliwiaj\u0105cymi po\u0142\u0105czenia z ich stronami.<\/p>\n\n\n\n<p><strong>Redakcja<\/strong>&nbsp;&#8211; zawiera dane okre\u015blaj\u0105ce to\u017csamo\u015b\u0107 osoby, kt\u00f3ra wprowadzi\u0142a informacj\u0119 do Biuletynu Informacji Publicznej &#8211; pracownik Podmiotu.<\/p>\n\n\n\n<p>Je\u015bli nie znajdziesz poszukiwanej informacji w BIP, skontaktuj si\u0119 z nami, korzystaj\u0105c z adresu mailowego lub numeru telefonu podanego na stronie.<\/p>\n","protected":false},"excerpt":{"rendered":"<p>W naszym Biuletynie Informacji Publicznej (BIP) publikujemy informacje dotycz\u0105ceprowadzonej przez&#8230;<\/p>\n<div class=\"more-link-wrapper\"><a class=\"more-link\" href=\"http:\/\/bip.wordprzemysl.pl\/?page_id=23\">Czytaj dalej&#8230;<span class=\"screen-reader-text\">Instrukcja obs\u0142ugi BIP<\/span><\/a><\/div>\n","protected":false},"author":1,"featured_media":0,"parent":0,"menu_order":0,"comment_status":"closed","ping_status":"closed","template":"","meta":{"_lmt_disableupdate":"","_lmt_disable":"","footnotes":""},"class_list":["post-23","page","type-page","status-publish","hentry","entry"],"_links":{"self":[{"href":"http:\/\/bip.wordprzemysl.pl\/index.php?rest_route=\/wp\/v2\/pages\/23","targetHints":{"allow":["GET"]}}],"collection":[{"href":"http:\/\/bip.wordprzemysl.pl\/index.php?rest_route=\/wp\/v2\/pages"}],"about":[{"href":"http:\/\/bip.wordprzemysl.pl\/index.php?rest_route=\/wp\/v2\/types\/page"}],"author":[{"embeddable":true,"href":"http:\/\/bip.wordprzemysl.pl\/index.php?rest_route=\/wp\/v2\/users\/1"}],"replies":[{"embeddable":true,"href":"http:\/\/bip.wordprzemysl.pl\/index.php?rest_route=%2Fwp%2Fv2%2Fcomments&post=23"}],"version-history":[{"count":4,"href":"http:\/\/bip.wordprzemysl.pl\/index.php?rest_route=\/wp\/v2\/pages\/23\/revisions"}],"predecessor-version":[{"id":129,"href":"http:\/\/bip.wordprzemysl.pl\/index.php?rest_route=\/wp\/v2\/pages\/23\/revisions\/129"}],"wp:attachment":[{"href":"http:\/\/bip.wordprzemysl.pl\/index.php?rest_route=%2Fwp%2Fv2%2Fmedia&parent=23"}],"curies":[{"name":"wp","href":"https:\/\/api.w.org\/{rel}","templated":true}]}}