{"id":24,"date":"2025-03-26T13:02:06","date_gmt":"2025-03-26T12:02:06","guid":{"rendered":"http:\/\/bip.wordprzemysl.pl\/?p=24"},"modified":"2025-03-31T10:05:15","modified_gmt":"2025-03-31T08:05:15","slug":"strona-glowna-bip","status":"publish","type":"page","link":"http:\/\/bip.wordprzemysl.pl\/","title":{"rendered":"Wojew\u00f3dzki O\u015brodek Ruchu Drogowego w Przemy\u015blu: Biuletyn Informacji Publicznej"},"content":{"rendered":"<div class=\"wp-block-image\">\n<figure class=\"alignright\"><img decoding=\"async\" src=\"http:\/\/bip.wordprzemysl.pl\/wp-content\/plugins\/bip-pages\/boilerplate-text\/..\/assets\/bip-logos\/bip-full-color-pl_min.png\" alt=\"Biuletyn Informacji Publicznej\"\/><\/figure>\n<\/div>\n\n\n<p><\/p>\n\n\n\n<p><\/p>\n\n\n\n<p><\/p>\n\n\n\n<hr class=\"wp-block-separator has-alpha-channel-opacity\"\/>\n\n\n\n<p class=\"has-large-font-size\"><strong>Dane teleadresowe:<\/strong><\/p>\n\n\n\n<p>ul. Topolowa 7<br>37-700 Przemy\u015bl<br>Wojew\u00f3dztwo: Podkarpackie<br>Powiat: Przemy\u015bl<br>Gmina: Przemy\u015bl<br>Miejscowo\u015b\u0107: Przemy\u015bl<\/p>\n\n\n\n<p>telefon:&nbsp;<a href=\"tel:+48 16 675 06 58\">+48 16 675 06 58<\/a><br>faks:&nbsp;<a href=\"tel:+48 16 675 06 58\">+48 16 675 06 58<\/a><br>e-mail:&nbsp;<a href=\"mailto:kontakt@wordprzemysl.pl\">kontakt@wordprzemysl.pl<\/a><\/p>\n\n\n\n<p><strong>Elektroniczna skrzynka podawcza<\/strong> Epuap: wordprzemysl<br><strong>Elektroniczna skrzynka podawcza<\/strong> E-dor\u0119czenia: AE:PL-79149-15324-VBECI-17<\/p>\n\n\n\n<p>NIP: 7952146223<br>REGON: 650960432<\/p>\n\n\n\n<hr class=\"wp-block-separator has-alpha-channel-opacity\"\/>\n\n\n\n<h3 class=\"wp-block-heading has-large-font-size\"><strong>Strona www<\/strong><\/h3>\n\n\n\n<p><a href=\"https:\/\/www.wordprzemysl.pl\">https:\/\/www.wordprzemysl.pl<\/a><\/p>\n\n\n\n<hr class=\"wp-block-separator has-alpha-channel-opacity\"\/>\n\n\n\n<p class=\"has-large-font-size\">Godziny otwarcia<\/p>\n\n\n\n<p>poniedzia\u0142ek 7:30 &#8211; 16:00<br>wtorek 7:30 &#8211; 16:00 <br>\u015broda 7:30 &#8211; 16:00 <br>czwartek 7:30 &#8211; 16:00 <br>pi\u0105tek 7:30 &#8211; 16:00 <br>sobota 7:30 &#8211; 15:30<br>niedziela  nieczynne<\/p>\n\n\n\n<hr class=\"wp-block-separator has-alpha-channel-opacity\"\/>\n\n\n\n<p><strong>Redakcja BIP<\/strong><\/p>\n\n\n\n<p>Redaktor: Krystian Matusz<br>telefon:&nbsp;<a href=\"tel:+48 16 675 06 58\">+48 16 675 06 58<\/a><br>faks:&nbsp;<a href=\"tel:+48 16 675 06 58\">+48 16 675 06 58<\/a><br>e-mail:&nbsp;<a href=\"mailto:informatyk@wordprzemysl.pl\">informatyk@wordprzemysl.pl<\/a><\/p>\n\n\n\n<hr class=\"wp-block-separator has-alpha-channel-opacity\"\/>\n","protected":false},"excerpt":{"rendered":"<p>Dane teleadresowe: ul. Topolowa 737-700 Przemy\u015blWojew\u00f3dztwo: PodkarpackiePowiat: Przemy\u015blGmina: Przemy\u015blMiejscowo\u015b\u0107: Przemy\u015bl&#8230;<\/p>\n<div class=\"more-link-wrapper\"><a class=\"more-link\" href=\"http:\/\/bip.wordprzemysl.pl\/\">Czytaj dalej&#8230;<span class=\"screen-reader-text\">Wojew\u00f3dzki O\u015brodek Ruchu Drogowego w Przemy\u015blu: Biuletyn Informacji Publicznej<\/span><\/a><\/div>\n","protected":false},"author":1,"featured_media":0,"parent":0,"menu_order":0,"comment_status":"closed","ping_status":"closed","template":"","meta":{"_lmt_disableupdate":"","_lmt_disable":"","footnotes":""},"class_list":["post-24","page","type-page","status-publish","hentry","entry"],"_links":{"self":[{"href":"http:\/\/bip.wordprzemysl.pl\/index.php?rest_route=\/wp\/v2\/pages\/24","targetHints":{"allow":["GET"]}}],"collection":[{"href":"http:\/\/bip.wordprzemysl.pl\/index.php?rest_route=\/wp\/v2\/pages"}],"about":[{"href":"http:\/\/bip.wordprzemysl.pl\/index.php?rest_route=\/wp\/v2\/types\/page"}],"author":[{"embeddable":true,"href":"http:\/\/bip.wordprzemysl.pl\/index.php?rest_route=\/wp\/v2\/users\/1"}],"replies":[{"embeddable":true,"href":"http:\/\/bip.wordprzemysl.pl\/index.php?rest_route=%2Fwp%2Fv2%2Fcomments&post=24"}],"version-history":[{"count":10,"href":"http:\/\/bip.wordprzemysl.pl\/index.php?rest_route=\/wp\/v2\/pages\/24\/revisions"}],"predecessor-version":[{"id":185,"href":"http:\/\/bip.wordprzemysl.pl\/index.php?rest_route=\/wp\/v2\/pages\/24\/revisions\/185"}],"wp:attachment":[{"href":"http:\/\/bip.wordprzemysl.pl\/index.php?rest_route=%2Fwp%2Fv2%2Fmedia&parent=24"}],"curies":[{"name":"wp","href":"https:\/\/api.w.org\/{rel}","templated":true}]}}